{"id":27305,"date":"2022-12-22T10:09:25","date_gmt":"2022-12-22T09:09:25","guid":{"rendered":"https:\/\/training.incoma.net\/?page_id=27305"},"modified":"2024-05-22T12:28:20","modified_gmt":"2024-05-22T10:28:20","slug":"module-10-questionnaire","status":"publish","type":"page","link":"https:\/\/training.incoma.net\/me\/module-10-questionnaire\/","title":{"rendered":"MODUL 10: UPITNIK"},"content":{"rendered":"<div data-elementor-type=\"wp-page\" data-elementor-id=\"27305\" class=\"elementor elementor-27305\" data-elementor-settings=\"{&quot;ha_cmc_init_switcher&quot;:&quot;no&quot;}\">\n\t\t\t\t\t\t<section class=\"elementor-section elementor-top-section elementor-element elementor-element-b166446 elementor-section-boxed elementor-section-height-default elementor-section-height-default\" data-id=\"b166446\" data-element_type=\"section\" data-e-type=\"section\" data-settings=\"{&quot;_ha_eqh_enable&quot;:false}\">\n\t\t\t\t\t\t<div class=\"elementor-container elementor-column-gap-default\">\n\t\t\t\t\t<div class=\"elementor-column elementor-col-100 elementor-top-column elementor-element elementor-element-9a58247\" data-id=\"9a58247\" data-element_type=\"column\" data-e-type=\"column\">\n\t\t\t<div class=\"elementor-widget-wrap elementor-element-populated\">\n\t\t\t\t\t\t<div class=\"elementor-element elementor-element-0daf567 elementor-widget elementor-widget-heading\" data-id=\"0daf567\" data-element_type=\"widget\" data-e-type=\"widget\" data-widget_type=\"heading.default\">\n\t\t\t\t<div class=\"elementor-widget-container\">\n\t\t\t\t\t<h2 class=\"elementor-heading-title elementor-size-default\">MODUL 10: UPITNIK<\/h2>\t\t\t\t<\/div>\n\t\t\t\t<\/div>\n\t\t\t\t<div class=\"elementor-element elementor-element-48b7b26 elementor-widget elementor-widget-shortcode\" data-id=\"48b7b26\" data-element_type=\"widget\" data-e-type=\"widget\" data-widget_type=\"shortcode.default\">\n\t\t\t\t<div class=\"elementor-widget-container\">\n\t\t\t\t\t\t\t<div class=\"elementor-shortcode\"><div class='fluentform ff-default fluentform_wrapper_8 ffs_default_wrap'><form data-form_id=\"8\" id=\"fluentform_8\" class=\"frm-fluent-form fluent_form_8 ff-el-form-top ff_form_instance_8_1 ff-form-loading ffs_default\" data-form_instance=\"ff_form_instance_8_1\" method=\"POST\" action=\"\" ><fieldset  style=\"border: none!important;margin: 0!important;padding: 0!important;background-color: transparent!important;box-shadow: none!important;outline: none!important; min-inline-size: 100%;\">\n                    <legend class=\"ff_screen_reader_title\" style=\"display: block; margin: 0!important;padding: 0!important;height: 0!important;text-indent: -999999px;width: 0!important;overflow:hidden;\">Prazan obrazac (#8)<\/legend><input type='hidden' name='__fluent_form_embded_post_id' value='27305' \/><input type=\"hidden\" id=\"_fluentform_8_fluentformnonce\" name=\"_fluentform_8_fluentformnonce\" value=\"71731cfd94\" \/><input type=\"hidden\" name=\"_wp_http_referer\" value=\"\/me\/wp-json\/wp\/v2\/pages\/27305\" \/><div class='ff-el-group'><div class=\"ff-el-input--label ff-el-is-required asterisk-right\"><label for='ff_8_input_text' id='label_ff_8_input_text' aria-label=\"Naziv institucije\">Naziv institucije<\/label><\/div><div class='ff-el-input--content'><input type=\"text\" name=\"input_text\" class=\"ff-el-form-control\" data-name=\"input_text\" id=\"ff_8_input_text\"  aria-invalid=\"false\" aria-required=\"true\"><\/div><\/div><div class='ff-el-group'><div class=\"ff-el-input--label ff-el-is-required asterisk-right\"><label for='ff_8_email' id='label_ff_8_email' aria-label=\"Email\">Email<\/label><\/div><div class='ff-el-input--content'><input type=\"email\" name=\"email\" id=\"ff_8_email\" class=\"ff-el-form-control\" placeholder=\"Email adresa\" data-name=\"email\"  aria-invalid=\"false\" aria-required=\"true\"><\/div><\/div><div class='ff-el-group'><div class=\"ff-el-input--label ff-el-is-required asterisk-right\"><label   aria-label=\"1. Va\u0161a institucija je:\u00a0\">1. Va\u0161a institucija je:\u00a0<\/label><\/div><div class='ff-el-input--content'><div class='ff-el-form-check ff-el-form-check-'><label class='ff-el-form-check-label' for='checkbox_4cff5f8f2966432ec47b41558795164b'><input  type=\"checkbox\" name=\"checkbox[]\" data-name=\"checkbox\" class=\"ff-el-form-check-input ff-el-form-check-checkbox\" value=\"Higher Education Institution\"  id='checkbox_4cff5f8f2966432ec47b41558795164b' aria-label='Visoko\u0161kolska ustanova' aria-invalid='false' aria-required=\"true\"> <span>Visoko\u0161kolska ustanova<\/span><\/label><\/div><div class='ff-el-form-check ff-el-form-check-'><label class='ff-el-form-check-label' for='checkbox_2605c168e9964cbcaaf73c0e397c2429'><input  type=\"checkbox\" name=\"checkbox[]\" data-name=\"checkbox\" class=\"ff-el-form-check-input ff-el-form-check-checkbox\" value=\"Research Centre\u00a0\"  id='checkbox_2605c168e9964cbcaaf73c0e397c2429' aria-label='Istra\u017eiva\u010dki centar\u00a0' aria-invalid='false' aria-required=\"true\"> <span>Istra\u017eiva\u010dki centar\u00a0<\/span><\/label><\/div><div class='ff-el-form-check ff-el-form-check-'><label class='ff-el-form-check-label' for='checkbox_4d91ba3f3425ae65eac772177e55a64a'><input  type=\"checkbox\" name=\"checkbox[]\" data-name=\"checkbox\" class=\"ff-el-form-check-input ff-el-form-check-checkbox\" value=\"Vocational Education and Training Centre\"  id='checkbox_4d91ba3f3425ae65eac772177e55a64a' aria-label='Centar za strukovno obrazovanje i obuku' aria-invalid='false' aria-required=\"true\"> <span>Centar za strukovno obrazovanje i obuku<\/span><\/label><\/div><div class='ff-el-form-check ff-el-form-check-'><label class='ff-el-form-check-label' for='checkbox_398e15c6db2bf079f1eb75fe9f404520'><input  type=\"checkbox\" name=\"checkbox[]\" data-name=\"checkbox\" class=\"ff-el-form-check-input ff-el-form-check-checkbox\" value=\"Non-Governmental Organisation \/ Civil Society Organisation\u00a0\"  id='checkbox_398e15c6db2bf079f1eb75fe9f404520' aria-label='Nevladina organizacija \/ Organizacija civilnog dru\u0161tva\u00a0' aria-invalid='false' aria-required=\"true\"> <span>Nevladina organizacija \/ Organizacija civilnog dru\u0161tva\u00a0<\/span><\/label><\/div><div class='ff-el-form-check ff-el-form-check-'><label class='ff-el-form-check-label' for='checkbox_31cbc184c436f54365443ffe579ba022'><input  type=\"checkbox\" name=\"checkbox[]\" data-name=\"checkbox\" class=\"ff-el-form-check-input ff-el-form-check-checkbox\" value=\" Other (explain)\u00a0\"  id='checkbox_31cbc184c436f54365443ffe579ba022' aria-label='Ostalo (objasnite)\u00a0' aria-invalid='false' aria-required=\"true\"> <span> Ostalo (objasnite)\u00a0<\/span><\/label><\/div><\/div><\/div><div class='ff-el-group'><div class=\"ff-el-input--label asterisk-right\"><label for='ff_8_description' id='label_ff_8_description' aria-label=\"Va\u0161a institucija je...\">Va\u0161a institucija je...<\/label><\/div><div class='ff-el-input--content'><textarea aria-required=\"false\" aria-labelledby=\"label_ff_8_description\" name=\"description\" id=\"ff_8_description\" class=\"ff-el-form-control\" rows=\"5\" cols=\"2\" data-name=\"description\" ><\/textarea><\/div><\/div><div class='ff-el-group'><div class=\"ff-el-input--label ff-el-is-required asterisk-right\"><label   aria-label=\"2. Va\u0161a institucija je:\u00a0\">2. Va\u0161a institucija je:\u00a0<\/label><\/div><div class='ff-el-input--content'><div class='ff-el-form-check ff-el-form-check-'><label class='ff-el-form-check-label' for='checkbox_1_dacbb04b79216832eba57f1b97756617'><input  type=\"checkbox\" name=\"checkbox_1[]\" data-name=\"checkbox_1\" class=\"ff-el-form-check-input ff-el-form-check-checkbox\" value=\"Teacher, trainer, professor \"  id='checkbox_1_dacbb04b79216832eba57f1b97756617' aria-label='Nastavnik, trener, profesor' aria-invalid='false' aria-required=\"true\"> <span>Nastavnik, trener, profesor <\/span><\/label><\/div><div class='ff-el-form-check ff-el-form-check-'><label class='ff-el-form-check-label' for='checkbox_1_490c7211bc93ce206beb9f509e6093e1'><input  type=\"checkbox\" name=\"checkbox_1[]\" data-name=\"checkbox_1\" class=\"ff-el-form-check-input ff-el-form-check-checkbox\" value=\"Researcher  \"  id='checkbox_1_490c7211bc93ce206beb9f509e6093e1' aria-label='Istra\u017eiva\u010d' aria-invalid='false' aria-required=\"true\"> <span>Istra\u017eiva\u010d  <\/span><\/label><\/div><div class='ff-el-form-check ff-el-form-check-'><label class='ff-el-form-check-label' for='checkbox_1_7ed5038ca7efd5ef3d910a276869cace'><input  type=\"checkbox\" name=\"checkbox_1[]\" data-name=\"checkbox_1\" class=\"ff-el-form-check-input ff-el-form-check-checkbox\" value=\"NGO\/CSO worker or volunteer\"  id='checkbox_1_7ed5038ca7efd5ef3d910a276869cace' aria-label='Radnik ili volonter nevladine\/ogradni\u010dke organizacije' aria-invalid='false' aria-required=\"true\"> <span>Radnik ili volonter nevladine\/ogradni\u010dke organizacije<\/span><\/label><\/div><div class='ff-el-form-check ff-el-form-check-'><label class='ff-el-form-check-label' for='checkbox_1_49876265cbf8b922cf5f50c8976117c6'><input  type=\"checkbox\" name=\"checkbox_1[]\" data-name=\"checkbox_1\" class=\"ff-el-form-check-input ff-el-form-check-checkbox\" value=\" Other (explain)\u00a0\"  id='checkbox_1_49876265cbf8b922cf5f50c8976117c6' aria-label='Ostalo (objasnite)\u00a0' aria-invalid='false' aria-required=\"true\"> <span> Ostalo (objasnite)\u00a0<\/span><\/label><\/div><\/div><\/div><div class='ff-el-group'><div class=\"ff-el-input--label asterisk-right\"><label for='ff_8_description_1' id='label_ff_8_description_1' aria-label=\"Tvoji su...\">Tvoji su...<\/label><\/div><div class='ff-el-input--content'><textarea aria-required=\"false\" aria-labelledby=\"label_ff_8_description_1\" name=\"description_1\" id=\"ff_8_description_1\" class=\"ff-el-form-control\" rows=\"5\" cols=\"2\" data-name=\"description_1\" ><\/textarea><\/div><\/div><div class='ff-el-group'><div class=\"ff-el-input--label ff-el-is-required asterisk-right\"><label for='ff_8_description_2' id='label_ff_8_description_2' aria-label=\"3. Koje su va\u0161e glavne teme stru\u010dnosti\/fokusa?\u00a0\">3. Koje su va\u0161e glavne teme stru\u010dnosti\/fokusa?\u00a0<\/label><\/div><div class='ff-el-input--content'><textarea aria-required=\"true\" aria-labelledby=\"label_ff_8_description_2\" name=\"description_2\" id=\"ff_8_description_2\" class=\"ff-el-form-control\" rows=\"5\" cols=\"2\" data-name=\"description_2\" ><\/textarea><\/div><\/div><div class='ff-el-group'><div class=\"ff-el-input--label ff-el-is-required asterisk-right\"><label   aria-label=\"4. Od modula koje ste zavr\u0161ili kao dio obuke, na koji program finansiranja EU biste se \u017eeljeli fokusirati za svoj zavr\u0161ni projekat?\u00a0\">4. Od modula koje ste zavr\u0161ili kao dio obuke, na koji program finansiranja EU biste se \u017eeljeli fokusirati za svoj zavr\u0161ni projekat?\u00a0<\/label><\/div><div class='ff-el-input--content'><div class='ff-el-form-check ff-el-form-check-'><label class='ff-el-form-check-label' for='checkbox_2_4204d214e8be16e398badc978ee8d748'><input  type=\"checkbox\" name=\"checkbox_2[]\" data-name=\"checkbox_2\" class=\"ff-el-form-check-input ff-el-form-check-checkbox\" value=\"Erasmus+\"  id='checkbox_2_4204d214e8be16e398badc978ee8d748' aria-label='Erasmus+' aria-invalid='false' aria-required=\"true\"> <span>Erasmus+<\/span><\/label><\/div><div class='ff-el-form-check ff-el-form-check-'><label class='ff-el-form-check-label' for='checkbox_2_712f405ef5eecb5ffd28a6165aa5db06'><input  type=\"checkbox\" name=\"checkbox_2[]\" data-name=\"checkbox_2\" class=\"ff-el-form-check-input ff-el-form-check-checkbox\" value=\"Horizon Europe\u00a0\"  id='checkbox_2_712f405ef5eecb5ffd28a6165aa5db06' aria-label='Horizont Evropa\u00a0' aria-invalid='false' aria-required=\"true\"> <span>Horizont Evropa\u00a0<\/span><\/label><\/div><div class='ff-el-form-check ff-el-form-check-'><label class='ff-el-form-check-label' for='checkbox_2_b72f27d0d70b82b6b050c75e08f577a8'><input  type=\"checkbox\" name=\"checkbox_2[]\" data-name=\"checkbox_2\" class=\"ff-el-form-check-input ff-el-form-check-checkbox\" value=\"Global Europe\u00a0\"  id='checkbox_2_b72f27d0d70b82b6b050c75e08f577a8' aria-label='Globalna Evropa\u00a0' aria-invalid='false' aria-required=\"true\"> <span>Globalna Evropa\u00a0<\/span><\/label><\/div><\/div><\/div><div class='ff-el-group'><div class=\"ff-el-input--label ff-el-is-required asterisk-right\"><label for='ff_8_description_3' id='label_ff_8_description_3' aria-label=\"5. Na koji poziv za prijedloge biste se \u017eeljeli fokusirati za svoj kona\u010dni projekat? Navedite naziv programa finansiranja (npr. Erasmus+) i naziva poziva za prijedloge (npr. Izgradnja kapaciteta u visokom obrazovanju).\u00a0\">5. Na koji poziv za prijedloge biste se \u017eeljeli fokusirati za svoj kona\u010dni projekat? Navedite naziv programa finansiranja (npr. Erasmus+) i naziva poziva za prijedloge (npr. Izgradnja kapaciteta u visokom obrazovanju).\u00a0<\/label><\/div><div class='ff-el-input--content'><textarea aria-required=\"true\" aria-labelledby=\"label_ff_8_description_3\" name=\"description_3\" id=\"ff_8_description_3\" class=\"ff-el-form-control\" rows=\"5\" cols=\"2\" data-name=\"description_3\" ><\/textarea><\/div><\/div><div class='ff-el-group'><div class=\"ff-el-input--label ff-el-is-required asterisk-right\"><label   aria-label=\"6. Imate li prethodnog iskustva u programu\/pozivu za prijedloge na koji biste se \u017eeljeli fokusirati za svoj kona\u010dni projekat?\u00a0\u00a0\">6. Imate li prethodnog iskustva u programu\/pozivu za prijedloge na koji biste se \u017eeljeli fokusirati za svoj kona\u010dni projekat?\u00a0\u00a0<\/label><div class=\"ff-el-tooltip\" data-content=\"If \u201cyes\u201d, please explain\u00a0\"><svg width=\"16\" height=\"16\" viewbox=\"0 0 25 25\"><path d=\"m329 393l0-46c0-2-1-4-2-6-2-2-4-3-7-3l-27 0 0-146c0-3-1-5-3-7-2-1-4-2-7-2l-91 0c-3 0-5 1-7 2-1 2-2 4-2 7l0 46c0 2 1 5 2 6 2 2 4 3 7 3l27 0 0 91-27 0c-3 0-5 1-7 3-1 2-2 4-2 6l0 46c0 3 1 5 2 7 2 1 4 2 7 2l128 0c3 0 5-1 7-2 1-2 2-4 2-7z m-36-256l0-46c0-2-1-4-3-6-2-2-4-3-7-3l-54 0c-3 0-5 1-7 3-2 2-3 4-3 6l0 46c0 3 1 5 3 7 2 1 4 2 7 2l54 0c3 0 5-1 7-2 2-2 3-4 3-7z m182 119c0 40-9 77-29 110-20 34-46 60-80 80-33 20-70 29-110 29-40 0-77-9-110-29-34-20-60-46-80-80-20-33-29-70-29-110 0-40 9-77 29-110 20-34 46-60 80-80 33-20 70-29 110-29 40 0 77 9 110 29 34 20 60 46 80 80 20 33 29 70 29 110z\" transform=\"scale(0.046875 0.046875)\"><\/path><\/svg><\/div><\/div><div class='ff-el-input--content'><div class='ff-el-form-check ff-el-form-check-'><label class='ff-el-form-check-label' for='checkbox_3_e21b214ff8d01c4ba8f362f0b97b1a20'><input  type=\"checkbox\" name=\"checkbox_3[]\" data-name=\"checkbox_3\" class=\"ff-el-form-check-input ff-el-form-check-checkbox\" value=\"Yes\"  id='checkbox_3_e21b214ff8d01c4ba8f362f0b97b1a20' aria-label='Da' aria-invalid='false' aria-required=\"true\"> <span>Da<\/span><\/label><\/div><div class='ff-el-form-check ff-el-form-check-'><label class='ff-el-form-check-label' for='checkbox_3_fc3ea87714412b69580f1cddbedc50fe'><input  type=\"checkbox\" name=\"checkbox_3[]\" data-name=\"checkbox_3\" class=\"ff-el-form-check-input ff-el-form-check-checkbox\" value=\"No\"  id='checkbox_3_fc3ea87714412b69580f1cddbedc50fe' aria-label='Ne' aria-invalid='false' aria-required=\"true\"> <span>Ne<\/span><\/label><\/div><\/div><\/div><div class='ff-el-group'><div class=\"ff-el-input--label asterisk-right\"><label for='ff_8_description_4' id='label_ff_8_description_4' aria-label=\"Ako je &quot;da&quot;, molimo vas da objasnite svoja prethodna iskustva\">Ako je &quot;da&quot;, molimo vas da objasnite svoja prethodna iskustva<\/label><\/div><div class='ff-el-input--content'><textarea aria-required=\"false\" aria-labelledby=\"label_ff_8_description_4\" name=\"description_4\" id=\"ff_8_description_4\" class=\"ff-el-form-control\" rows=\"3\" cols=\"2\" data-name=\"description_4\" ><\/textarea><\/div><\/div><div class='ff-el-group'><div class=\"ff-el-input--label ff-el-is-required asterisk-right\"><label   aria-label=\"7. Za va\u0161 zavr\u0161ni projekat, \u017eelite:\">7. Za va\u0161 zavr\u0161ni projekat, \u017eelite:<\/label><\/div><div class='ff-el-input--content'><div class='ff-el-form-check ff-el-form-check-'><label class='ff-el-form-check-label' for='checkbox_4_3be66d5eeea2f5ffc1d4676bd01d62db'><input  type=\"checkbox\" name=\"checkbox_4[]\" data-name=\"checkbox_4\" class=\"ff-el-form-check-input ff-el-form-check-checkbox\" value=\"I am not sure and would like help from the tutors \"  id='checkbox_4_3be66d5eeea2f5ffc1d4676bd01d62db' aria-label='Nisam siguran\/sigurna i volio\/voljela bih pomo\u0107 tutora\/tutora' aria-invalid='false' aria-required=\"true\"> <span>Nisam siguran\/sigurna i volio\/voljela bih pomo\u0107 tutora\/tutora <\/span><\/label><\/div><div class='ff-el-form-check ff-el-form-check-'><label class='ff-el-form-check-label' for='checkbox_4_1300777ce63a7ebf0200f262116d8d7a'><input  type=\"checkbox\" name=\"checkbox_4[]\" data-name=\"checkbox_4\" class=\"ff-el-form-check-input ff-el-form-check-checkbox\" value=\"Define a new idea and prepare an abstract\/concept note \"  id='checkbox_4_1300777ce63a7ebf0200f262116d8d7a' aria-label='Definirajte novu ideju i pripremite sa\u017eetak\/konceptualnu bilje\u0161ku' aria-invalid='false' aria-required=\"true\"> <span>Definirajte novu ideju i pripremite sa\u017eetak\/konceptualnu bilje\u0161ku <\/span><\/label><\/div><div class='ff-el-form-check ff-el-form-check-'><label class='ff-el-form-check-label' for='checkbox_4_45370ceddb560901ab36ac65b66f36d8'><input  type=\"checkbox\" name=\"checkbox_4[]\" data-name=\"checkbox_4\" class=\"ff-el-form-check-input ff-el-form-check-checkbox\" value=\"Define a new idea and prepare a full proposal (incl. an abstract\/concept note) \"  id='checkbox_4_45370ceddb560901ab36ac65b66f36d8' aria-label='Definirajte novu ideju i pripremite potpuni prijedlog (uklju\u010duju\u0107i sa\u017eetak\/konceptualnu bilje\u0161ku)' aria-invalid='false' aria-required=\"true\"> <span>Definirajte novu ideju i pripremite potpuni prijedlog (uklju\u010duju\u0107i sa\u017eetak\/konceptualnu bilje\u0161ku) <\/span><\/label><\/div><div class='ff-el-form-check ff-el-form-check-'><label class='ff-el-form-check-label' for='checkbox_4_e1b5de1a1b4b64d180f8384b7d780631'><input  type=\"checkbox\" name=\"checkbox_4[]\" data-name=\"checkbox_4\" class=\"ff-el-form-check-input ff-el-form-check-checkbox\" value=\"Further define and expand the abstract\/concept note of an existing idea  \"  id='checkbox_4_e1b5de1a1b4b64d180f8384b7d780631' aria-label='Dalje definirajte i pro\u0161irite apstraktnu\/konceptualnu bilje\u0161ku postoje\u0107e ideje' aria-invalid='false' aria-required=\"true\"> <span>Dalje definirajte i pro\u0161irite apstraktnu\/konceptualnu bilje\u0161ku postoje\u0107e ideje  <\/span><\/label><\/div><div class='ff-el-form-check ff-el-form-check-'><label class='ff-el-form-check-label' for='checkbox_4_ca51df9f82cb7aac85cedf7922db0e34'><input  type=\"checkbox\" name=\"checkbox_4[]\" data-name=\"checkbox_4\" class=\"ff-el-form-check-input ff-el-form-check-checkbox\" value=\"Further define an existing idea and prepare a full proposal  \"  id='checkbox_4_ca51df9f82cb7aac85cedf7922db0e34' aria-label='Dalje definirajte postoje\u0107u ideju i pripremite potpuni prijedlog' aria-invalid='false' aria-required=\"true\"> <span>Dalje definirajte postoje\u0107u ideju i pripremite potpuni prijedlog  <\/span><\/label><\/div><div class='ff-el-form-check ff-el-form-check-'><label class='ff-el-form-check-label' for='checkbox_4_71463ce82689d006db134d611c8a5fd6'><input  type=\"checkbox\" name=\"checkbox_4[]\" data-name=\"checkbox_4\" class=\"ff-el-form-check-input ff-el-form-check-checkbox\" value=\"Define the budget for an already developed proposal \"  id='checkbox_4_71463ce82689d006db134d611c8a5fd6' aria-label='Defini\u0161ite bud\u017eet za ve\u0107 razvijen prijedlog' aria-invalid='false' aria-required=\"true\"> <span>Defini\u0161ite bud\u017eet za ve\u0107 razvijen prijedlog <\/span><\/label><\/div><\/div><\/div><div class='ff-el-group ff-text-left ff_submit_btn_wrapper'><button type=\"submit\" class=\"ff-btn ff-btn-submit ff-btn-md ff_btn_style\"  aria-label=\"Po\u0161alji\">Po\u0161alji <\/button><\/div><\/fieldset><input type=\"hidden\" name=\"trp-form-language\" value=\"me\"\/><\/form><div id='fluentform_8_errors' class='ff-errors-in-stack ff_form_instance_8_1 ff-form-loading_errors ff_form_instance_8_1_errors'><\/div><\/div>            <script type=\"text\/javascript\">\n                window.fluent_form_ff_form_instance_8_1 = {\"id\":\"8\",\"settings\":{\"layout\":{\"labelPlacement\":\"top\",\"helpMessagePlacement\":\"with_label\",\"errorMessagePlacement\":\"inline\"},\"restrictions\":{\"denyEmptySubmission\":{\"enabled\":false}}},\"form_instance\":\"ff_form_instance_8_1\",\"form_id_selector\":\"fluentform_8\",\"rules\":{\"input_text\":{\"required\":{\"value\":true,\"message\":\"This field is required\",\"global_message\":\"This field is required\",\"global\":true}},\"email\":{\"required\":{\"value\":true,\"message\":\"This field is required\",\"global_message\":\"This field is required\",\"global\":true},\"email\":{\"value\":true,\"message\":\"This field must contain a valid email\",\"global_message\":\"This field must contain a valid email\",\"global\":true}},\"checkbox\":{\"required\":{\"value\":true,\"message\":\"This field is required\",\"global_message\":\"This field is required\",\"global\":true}},\"description\":{\"required\":{\"value\":false,\"message\":\"This field is required\",\"global_message\":\"This field is required\",\"global\":true}},\"checkbox_1\":{\"required\":{\"value\":true,\"message\":\"This field is required\",\"global_message\":\"This field is required\",\"global\":true}},\"description_1\":{\"required\":{\"value\":false,\"message\":\"This field is required\",\"global_message\":\"This field is required\",\"global\":true}},\"description_2\":{\"required\":{\"value\":true,\"message\":\"This field is required\",\"global_message\":\"This field is required\",\"global\":true}},\"checkbox_2\":{\"required\":{\"value\":true,\"message\":\"This field is required\",\"global_message\":\"This field is required\",\"global\":true}},\"description_3\":{\"required\":{\"value\":true,\"message\":\"This field is required\",\"global_message\":\"This field is required\",\"global\":true}},\"checkbox_3\":{\"required\":{\"value\":true,\"message\":\"This field is required\",\"global_message\":\"This field is required\",\"global\":true}},\"description_4\":{\"required\":{\"value\":false,\"message\":\"This field is required\",\"global_message\":\"This field is required\",\"global\":true}},\"checkbox_4\":{\"required\":{\"value\":true,\"message\":\"This field is required\",\"global_message\":\"This field is required\",\"global\":true}}},\"debounce_time\":300};\n                            <\/script>\n            <\/div>\n\t\t\t\t\t\t<\/div>\n\t\t\t\t<\/div>\n\t\t\t\t\t<\/div>\n\t\t<\/div>\n\t\t\t\t\t<\/div>\n\t\t<\/section>\n\t\t\t\t<\/div>","protected":false},"excerpt":{"rendered":"<p>MODUL 10: UPITNIK<\/p>","protected":false},"author":1,"featured_media":0,"parent":0,"menu_order":0,"comment_status":"closed","ping_status":"closed","template":"","meta":{"site-sidebar-layout":"no-sidebar","site-content-layout":"page-builder","ast-site-content-layout":"default","site-content-style":"default","site-sidebar-style":"default","ast-global-header-display":"","ast-banner-title-visibility":"","ast-main-header-display":"","ast-hfb-above-header-display":"","ast-hfb-below-header-display":"","ast-hfb-mobile-header-display":"","site-post-title":"disabled","ast-breadcrumbs-content":"","ast-featured-img":"disabled","footer-sml-layout":"","ast-disable-related-posts":"","theme-transparent-header-meta":"","adv-header-id-meta":"","stick-header-meta":"","header-above-stick-meta":"","header-main-stick-meta":"","header-below-stick-meta":"","astra-migrate-meta-layouts":"default","ast-page-background-enabled":"default","ast-page-background-meta":{"desktop":{"background-color":"","background-image":"","background-repeat":"repeat","background-position":"center center","background-size":"auto","background-attachment":"scroll","background-type":"","background-media":"","overlay-type":"","overlay-color":"","overlay-opacity":"","overlay-gradient":""},"tablet":{"background-color":"","background-image":"","background-repeat":"repeat","background-position":"center center","background-size":"auto","background-attachment":"scroll","background-type":"","background-media":"","overlay-type":"","overlay-color":"","overlay-opacity":"","overlay-gradient":""},"mobile":{"background-color":"","background-image":"","background-repeat":"repeat","background-position":"center center","background-size":"auto","background-attachment":"scroll","background-type":"","background-media":"","overlay-type":"","overlay-color":"","overlay-opacity":"","overlay-gradient":""}},"ast-content-background-meta":{"desktop":{"background-color":"var(--ast-global-color-5)","background-image":"","background-repeat":"repeat","background-position":"center center","background-size":"auto","background-attachment":"scroll","background-type":"","background-media":"","overlay-type":"","overlay-color":"","overlay-opacity":"","overlay-gradient":""},"tablet":{"background-color":"var(--ast-global-color-5)","background-image":"","background-repeat":"repeat","background-position":"center center","background-size":"auto","background-attachment":"scroll","background-type":"","background-media":"","overlay-type":"","overlay-color":"","overlay-opacity":"","overlay-gradient":""},"mobile":{"background-color":"var(--ast-global-color-5)","background-image":"","background-repeat":"repeat","background-position":"center center","background-size":"auto","background-attachment":"scroll","background-type":"","background-media":"","overlay-type":"","overlay-color":"","overlay-opacity":"","overlay-gradient":""}},"footnotes":""},"class_list":["post-27305","page","type-page","status-publish","hentry"],"_links":{"self":[{"href":"https:\/\/training.incoma.net\/me\/wp-json\/wp\/v2\/pages\/27305","targetHints":{"allow":["GET"]}}],"collection":[{"href":"https:\/\/training.incoma.net\/me\/wp-json\/wp\/v2\/pages"}],"about":[{"href":"https:\/\/training.incoma.net\/me\/wp-json\/wp\/v2\/types\/page"}],"author":[{"embeddable":true,"href":"https:\/\/training.incoma.net\/me\/wp-json\/wp\/v2\/users\/1"}],"replies":[{"embeddable":true,"href":"https:\/\/training.incoma.net\/me\/wp-json\/wp\/v2\/comments?post=27305"}],"version-history":[{"count":0,"href":"https:\/\/training.incoma.net\/me\/wp-json\/wp\/v2\/pages\/27305\/revisions"}],"wp:attachment":[{"href":"https:\/\/training.incoma.net\/me\/wp-json\/wp\/v2\/media?parent=27305"}],"curies":[{"name":"radni list","href":"https:\/\/api.w.org\/{rel}","templated":true}]}}