{"id":27305,"date":"2022-12-22T10:09:25","date_gmt":"2022-12-22T09:09:25","guid":{"rendered":"https:\/\/training.incoma.net\/?page_id=27305"},"modified":"2024-05-22T12:28:20","modified_gmt":"2024-05-22T10:28:20","slug":"module-10-questionnaire","status":"publish","type":"page","link":"https:\/\/training.incoma.net\/fr\/module-10-questionnaire\/","title":{"rendered":"MODULE 10 : QUESTIONNAIRE"},"content":{"rendered":"<div data-elementor-type=\"wp-page\" data-elementor-id=\"27305\" class=\"elementor elementor-27305\" data-elementor-settings=\"{&quot;ha_cmc_init_switcher&quot;:&quot;no&quot;}\">\n\t\t\t\t\t\t<section class=\"elementor-section elementor-top-section elementor-element elementor-element-b166446 elementor-section-boxed elementor-section-height-default elementor-section-height-default\" data-id=\"b166446\" data-element_type=\"section\" data-e-type=\"section\" data-settings=\"{&quot;_ha_eqh_enable&quot;:false}\">\n\t\t\t\t\t\t<div class=\"elementor-container elementor-column-gap-default\">\n\t\t\t\t\t<div class=\"elementor-column elementor-col-100 elementor-top-column elementor-element elementor-element-9a58247\" data-id=\"9a58247\" data-element_type=\"column\" data-e-type=\"column\">\n\t\t\t<div class=\"elementor-widget-wrap elementor-element-populated\">\n\t\t\t\t\t\t<div class=\"elementor-element elementor-element-0daf567 elementor-widget elementor-widget-heading\" data-id=\"0daf567\" data-element_type=\"widget\" data-e-type=\"widget\" data-widget_type=\"heading.default\">\n\t\t\t\t<div class=\"elementor-widget-container\">\n\t\t\t\t\t<h2 class=\"elementor-heading-title elementor-size-default\">MODULE 10 : QUESTIONNAIRE<\/h2>\t\t\t\t<\/div>\n\t\t\t\t<\/div>\n\t\t\t\t<div class=\"elementor-element elementor-element-48b7b26 elementor-widget elementor-widget-shortcode\" data-id=\"48b7b26\" data-element_type=\"widget\" data-e-type=\"widget\" data-widget_type=\"shortcode.default\">\n\t\t\t\t<div class=\"elementor-widget-container\">\n\t\t\t\t\t\t\t<div class=\"elementor-shortcode\"><div class='fluentform ff-default fluentform_wrapper_8 ffs_default_wrap'><form data-form_id=\"8\" id=\"fluentform_8\" class=\"frm-fluent-form fluent_form_8 ff-el-form-top ff_form_instance_8_1 ff-form-loading ffs_default\" data-form_instance=\"ff_form_instance_8_1\" method=\"POST\" action=\"\" ><fieldset  style=\"border: none!important;margin: 0!important;padding: 0!important;background-color: transparent!important;box-shadow: none!important;outline: none!important; min-inline-size: 100%;\">\n                    <legend class=\"ff_screen_reader_title\" style=\"display: block; margin: 0!important;padding: 0!important;height: 0!important;text-indent: -999999px;width: 0!important;overflow:hidden;\">Formulaire vierge (#8)<\/legend><input type='hidden' name='__fluent_form_embded_post_id' value='27305' \/><input type=\"hidden\" id=\"_fluentform_8_fluentformnonce\" name=\"_fluentform_8_fluentformnonce\" value=\"71731cfd94\" \/><input type=\"hidden\" name=\"_wp_http_referer\" value=\"\/fr\/wp-json\/wp\/v2\/pages\/27305\" \/><div class='ff-el-group'><div class=\"ff-el-input--label ff-el-is-required asterisk-right\"><label for='ff_8_input_text' id='label_ff_8_input_text' aria-label=\"Nom de l&#039;\u00e9tablissement\">Nom de l&#039;\u00e9tablissement<\/label><\/div><div class='ff-el-input--content'><input type=\"text\" name=\"input_text\" class=\"ff-el-form-control\" data-name=\"input_text\" id=\"ff_8_input_text\"  aria-invalid=\"false\" aria-required=\"true\"><\/div><\/div><div class='ff-el-group'><div class=\"ff-el-input--label ff-el-is-required asterisk-right\"><label for='ff_8_email' id='label_ff_8_email' aria-label=\"E-mail\">E-mail<\/label><\/div><div class='ff-el-input--content'><input type=\"email\" name=\"email\" id=\"ff_8_email\" class=\"ff-el-form-control\" placeholder=\"Adresse email\" data-name=\"email\"  aria-invalid=\"false\" aria-required=\"true\"><\/div><\/div><div class='ff-el-group'><div class=\"ff-el-input--label ff-el-is-required asterisk-right\"><label   aria-label=\"1. Votre \u00e9tablissement est\u00a0:\u00a0\">1. Votre \u00e9tablissement est\u00a0:\u00a0<\/label><\/div><div class='ff-el-input--content'><div class='ff-el-form-check ff-el-form-check-'><label class='ff-el-form-check-label' for='checkbox_77a66507fca9f50ba06d6dd18bc35283'><input  type=\"checkbox\" name=\"checkbox[]\" data-name=\"checkbox\" class=\"ff-el-form-check-input ff-el-form-check-checkbox\" value=\"Higher Education Institution\"  id='checkbox_77a66507fca9f50ba06d6dd18bc35283' aria-label='\u00c9tablissement d&#039;enseignement sup\u00e9rieur' aria-invalid='false' aria-required=\"true\"> <span>\u00c9tablissement d&#039;enseignement sup\u00e9rieur<\/span><\/label><\/div><div class='ff-el-form-check ff-el-form-check-'><label class='ff-el-form-check-label' for='checkbox_df0577e8c7c77dc9076e8aa37b2c4fd0'><input  type=\"checkbox\" name=\"checkbox[]\" data-name=\"checkbox\" class=\"ff-el-form-check-input ff-el-form-check-checkbox\" value=\"Research Centre\u00a0\"  id='checkbox_df0577e8c7c77dc9076e8aa37b2c4fd0' aria-label='Centre de recherche\u00a0' aria-invalid='false' aria-required=\"true\"> <span>Centre de recherche\u00a0<\/span><\/label><\/div><div class='ff-el-form-check ff-el-form-check-'><label class='ff-el-form-check-label' for='checkbox_e712f981b8590181fcc553ce701f352f'><input  type=\"checkbox\" name=\"checkbox[]\" data-name=\"checkbox\" class=\"ff-el-form-check-input ff-el-form-check-checkbox\" value=\"Vocational Education and Training Centre\"  id='checkbox_e712f981b8590181fcc553ce701f352f' aria-label='Centre de formation professionnelle' aria-invalid='false' aria-required=\"true\"> <span>Centre de formation professionnelle<\/span><\/label><\/div><div class='ff-el-form-check ff-el-form-check-'><label class='ff-el-form-check-label' for='checkbox_9794194840f0d1448f209019aecbe222'><input  type=\"checkbox\" name=\"checkbox[]\" data-name=\"checkbox\" class=\"ff-el-form-check-input ff-el-form-check-checkbox\" value=\"Non-Governmental Organisation \/ Civil Society Organisation\u00a0\"  id='checkbox_9794194840f0d1448f209019aecbe222' aria-label='Organisation non gouvernementale \/ Organisation de la soci\u00e9t\u00e9 civile\u00a0' aria-invalid='false' aria-required=\"true\"> <span>Organisation non gouvernementale \/ Organisation de la soci\u00e9t\u00e9 civile\u00a0<\/span><\/label><\/div><div class='ff-el-form-check ff-el-form-check-'><label class='ff-el-form-check-label' for='checkbox_79524cf7f15e2a4b8401ca57531b25df'><input  type=\"checkbox\" name=\"checkbox[]\" data-name=\"checkbox\" class=\"ff-el-form-check-input ff-el-form-check-checkbox\" value=\" Other (explain)\u00a0\"  id='checkbox_79524cf7f15e2a4b8401ca57531b25df' aria-label='Autre (pr\u00e9ciser)\u00a0' aria-invalid='false' aria-required=\"true\"> <span> Autre (pr\u00e9ciser)\u00a0<\/span><\/label><\/div><\/div><\/div><div class='ff-el-group'><div class=\"ff-el-input--label asterisk-right\"><label for='ff_8_description' id='label_ff_8_description' aria-label=\"Votre institution est...\">Votre institution est...<\/label><\/div><div class='ff-el-input--content'><textarea aria-required=\"false\" aria-labelledby=\"label_ff_8_description\" name=\"description\" id=\"ff_8_description\" class=\"ff-el-form-control\" rows=\"5\" cols=\"2\" data-name=\"description\" ><\/textarea><\/div><\/div><div class='ff-el-group'><div class=\"ff-el-input--label ff-el-is-required asterisk-right\"><label   aria-label=\"2. Votre \u00e9tablissement est\u00a0:\u00a0\">2. Votre \u00e9tablissement est\u00a0:\u00a0<\/label><\/div><div class='ff-el-input--content'><div class='ff-el-form-check ff-el-form-check-'><label class='ff-el-form-check-label' for='checkbox_1_c385dd59f85366e9f264e2da8c2dfb0e'><input  type=\"checkbox\" name=\"checkbox_1[]\" data-name=\"checkbox_1\" class=\"ff-el-form-check-input ff-el-form-check-checkbox\" value=\"Teacher, trainer, professor \"  id='checkbox_1_c385dd59f85366e9f264e2da8c2dfb0e' aria-label='Enseignant, formateur, professeur' aria-invalid='false' aria-required=\"true\"> <span>Enseignant, formateur, professeur <\/span><\/label><\/div><div class='ff-el-form-check ff-el-form-check-'><label class='ff-el-form-check-label' for='checkbox_1_281ee1a41c0e9611c3fddec49a9fd61a'><input  type=\"checkbox\" name=\"checkbox_1[]\" data-name=\"checkbox_1\" class=\"ff-el-form-check-input ff-el-form-check-checkbox\" value=\"Researcher  \"  id='checkbox_1_281ee1a41c0e9611c3fddec49a9fd61a' aria-label='Chercheur' aria-invalid='false' aria-required=\"true\"> <span>Chercheur  <\/span><\/label><\/div><div class='ff-el-form-check ff-el-form-check-'><label class='ff-el-form-check-label' for='checkbox_1_682ebca82ec6740b5b7e286b2f4b16ed'><input  type=\"checkbox\" name=\"checkbox_1[]\" data-name=\"checkbox_1\" class=\"ff-el-form-check-input ff-el-form-check-checkbox\" value=\"NGO\/CSO worker or volunteer\"  id='checkbox_1_682ebca82ec6740b5b7e286b2f4b16ed' aria-label='Employ\u00e9 ou b\u00e9n\u00e9vole d&#039;une ONG\/OSC' aria-invalid='false' aria-required=\"true\"> <span>Employ\u00e9 ou b\u00e9n\u00e9vole d&#039;une ONG\/OSC<\/span><\/label><\/div><div class='ff-el-form-check ff-el-form-check-'><label class='ff-el-form-check-label' for='checkbox_1_c01db6322458007b8b539d206a188a82'><input  type=\"checkbox\" name=\"checkbox_1[]\" data-name=\"checkbox_1\" class=\"ff-el-form-check-input ff-el-form-check-checkbox\" value=\" Other (explain)\u00a0\"  id='checkbox_1_c01db6322458007b8b539d206a188a82' aria-label='Autre (pr\u00e9ciser)\u00a0' aria-invalid='false' aria-required=\"true\"> <span> Autre (pr\u00e9ciser)\u00a0<\/span><\/label><\/div><\/div><\/div><div class='ff-el-group'><div class=\"ff-el-input--label asterisk-right\"><label for='ff_8_description_1' id='label_ff_8_description_1' aria-label=\"Vous \u00eates...\">Vous \u00eates...<\/label><\/div><div class='ff-el-input--content'><textarea aria-required=\"false\" aria-labelledby=\"label_ff_8_description_1\" name=\"description_1\" id=\"ff_8_description_1\" class=\"ff-el-form-control\" rows=\"5\" cols=\"2\" data-name=\"description_1\" ><\/textarea><\/div><\/div><div class='ff-el-group'><div class=\"ff-el-input--label ff-el-is-required asterisk-right\"><label for='ff_8_description_2' id='label_ff_8_description_2' aria-label=\"3. Quels sont vos principaux domaines d&#039;expertise\/de sp\u00e9cialisation ?\u00a0\">3. Quels sont vos principaux domaines d&#039;expertise\/de sp\u00e9cialisation ?\u00a0<\/label><\/div><div class='ff-el-input--content'><textarea aria-required=\"true\" aria-labelledby=\"label_ff_8_description_2\" name=\"description_2\" id=\"ff_8_description_2\" class=\"ff-el-form-control\" rows=\"5\" cols=\"2\" data-name=\"description_2\" ><\/textarea><\/div><\/div><div class='ff-el-group'><div class=\"ff-el-input--label ff-el-is-required asterisk-right\"><label   aria-label=\"4. Parmi les modules que vous avez suivis dans le cadre de la formation, quel est le programme de financement de l&#039;UE sur lequel vous souhaitez vous concentrer pour votre projet final\u00a0?\u00a0\">4. Parmi les modules que vous avez suivis dans le cadre de la formation, quel est le programme de financement de l&#039;UE sur lequel vous souhaitez vous concentrer pour votre projet final\u00a0?\u00a0<\/label><\/div><div class='ff-el-input--content'><div class='ff-el-form-check ff-el-form-check-'><label class='ff-el-form-check-label' for='checkbox_2_3fd288acd0e016c02737dc9256972b49'><input  type=\"checkbox\" name=\"checkbox_2[]\" data-name=\"checkbox_2\" class=\"ff-el-form-check-input ff-el-form-check-checkbox\" value=\"Erasmus+\"  id='checkbox_2_3fd288acd0e016c02737dc9256972b49' aria-label='Erasmus+' aria-invalid='false' aria-required=\"true\"> <span>Erasmus+<\/span><\/label><\/div><div class='ff-el-form-check ff-el-form-check-'><label class='ff-el-form-check-label' for='checkbox_2_b9c74ace6addca6ccd25da2afec9c831'><input  type=\"checkbox\" name=\"checkbox_2[]\" data-name=\"checkbox_2\" class=\"ff-el-form-check-input ff-el-form-check-checkbox\" value=\"Horizon Europe\u00a0\"  id='checkbox_2_b9c74ace6addca6ccd25da2afec9c831' aria-label='Horizon Europe\u00a0' aria-invalid='false' aria-required=\"true\"> <span>Horizon Europe\u00a0<\/span><\/label><\/div><div class='ff-el-form-check ff-el-form-check-'><label class='ff-el-form-check-label' for='checkbox_2_b5b9b84063875feeb7c836ed5d98ffb8'><input  type=\"checkbox\" name=\"checkbox_2[]\" data-name=\"checkbox_2\" class=\"ff-el-form-check-input ff-el-form-check-checkbox\" value=\"Global Europe\u00a0\"  id='checkbox_2_b5b9b84063875feeb7c836ed5d98ffb8' aria-label='Europe mondiale\u00a0' aria-invalid='false' aria-required=\"true\"> <span>Europe mondiale\u00a0<\/span><\/label><\/div><\/div><\/div><div class='ff-el-group'><div class=\"ff-el-input--label ff-el-is-required asterisk-right\"><label for='ff_8_description_3' id='label_ff_8_description_3' aria-label=\"5. Sur quel appel \u00e0 propositions souhaitez-vous vous concentrer pour votre projet final\u00a0? Veuillez indiquer le nom du programme de financement (par exemple, Erasmus+) et celui de l\u2019appel \u00e0 propositions (par exemple, Renforcement des capacit\u00e9s dans l\u2019enseignement sup\u00e9rieur).\u00a0\">5. Sur quel appel \u00e0 propositions souhaitez-vous vous concentrer pour votre projet final\u00a0? Veuillez indiquer le nom du programme de financement (par exemple, Erasmus+) et celui de l\u2019appel \u00e0 propositions (par exemple, Renforcement des capacit\u00e9s dans l\u2019enseignement sup\u00e9rieur).\u00a0<\/label><\/div><div class='ff-el-input--content'><textarea aria-required=\"true\" aria-labelledby=\"label_ff_8_description_3\" name=\"description_3\" id=\"ff_8_description_3\" class=\"ff-el-form-control\" rows=\"5\" cols=\"2\" data-name=\"description_3\" ><\/textarea><\/div><\/div><div class='ff-el-group'><div class=\"ff-el-input--label ff-el-is-required asterisk-right\"><label   aria-label=\"6. Avez-vous une exp\u00e9rience pr\u00e9alable dans le cadre du programme\/de l&#039;appel \u00e0 propositions sur lequel vous souhaitez vous concentrer pour votre projet final\u00a0?\u00a0\u00a0\">6. Avez-vous une exp\u00e9rience pr\u00e9alable dans le cadre du programme\/de l&#039;appel \u00e0 propositions sur lequel vous souhaitez vous concentrer pour votre projet final\u00a0?\u00a0\u00a0<\/label><div class=\"ff-el-tooltip\" data-content=\"If \u201cyes\u201d, please explain\u00a0\"><svg width=\"16\" height=\"16\" viewbox=\"0 0 25 25\"><path d=\"m329 393l0-46c0-2-1-4-2-6-2-2-4-3-7-3l-27 0 0-146c0-3-1-5-3-7-2-1-4-2-7-2l-91 0c-3 0-5 1-7 2-1 2-2 4-2 7l0 46c0 2 1 5 2 6 2 2 4 3 7 3l27 0 0 91-27 0c-3 0-5 1-7 3-1 2-2 4-2 6l0 46c0 3 1 5 2 7 2 1 4 2 7 2l128 0c3 0 5-1 7-2 1-2 2-4 2-7z m-36-256l0-46c0-2-1-4-3-6-2-2-4-3-7-3l-54 0c-3 0-5 1-7 3-2 2-3 4-3 6l0 46c0 3 1 5 3 7 2 1 4 2 7 2l54 0c3 0 5-1 7-2 2-2 3-4 3-7z m182 119c0 40-9 77-29 110-20 34-46 60-80 80-33 20-70 29-110 29-40 0-77-9-110-29-34-20-60-46-80-80-20-33-29-70-29-110 0-40 9-77 29-110 20-34 46-60 80-80 33-20 70-29 110-29 40 0 77 9 110 29 34 20 60 46 80 80 20 33 29 70 29 110z\" transform=\"scale(0.046875 0.046875)\"><\/path><\/svg><\/div><\/div><div class='ff-el-input--content'><div class='ff-el-form-check ff-el-form-check-'><label class='ff-el-form-check-label' for='checkbox_3_d5840c969b97ffecc7742dd16549b0a7'><input  type=\"checkbox\" name=\"checkbox_3[]\" data-name=\"checkbox_3\" class=\"ff-el-form-check-input ff-el-form-check-checkbox\" value=\"Yes\"  id='checkbox_3_d5840c969b97ffecc7742dd16549b0a7' aria-label='Oui' aria-invalid='false' aria-required=\"true\"> <span>Oui<\/span><\/label><\/div><div class='ff-el-form-check ff-el-form-check-'><label class='ff-el-form-check-label' for='checkbox_3_962644612303914187a3ba9110e66f08'><input  type=\"checkbox\" name=\"checkbox_3[]\" data-name=\"checkbox_3\" class=\"ff-el-form-check-input ff-el-form-check-checkbox\" value=\"No\"  id='checkbox_3_962644612303914187a3ba9110e66f08' aria-label='Non' aria-invalid='false' aria-required=\"true\"> <span>Non<\/span><\/label><\/div><\/div><\/div><div class='ff-el-group'><div class=\"ff-el-input--label asterisk-right\"><label for='ff_8_description_4' id='label_ff_8_description_4' aria-label=\"Si \u201c oui \u201d, veuillez expliquer votre exp\u00e9rience pr\u00e9c\u00e9dente\">Si \u201c oui \u201d, veuillez expliquer votre exp\u00e9rience pr\u00e9c\u00e9dente<\/label><\/div><div class='ff-el-input--content'><textarea aria-required=\"false\" aria-labelledby=\"label_ff_8_description_4\" name=\"description_4\" id=\"ff_8_description_4\" class=\"ff-el-form-control\" rows=\"3\" cols=\"2\" data-name=\"description_4\" ><\/textarea><\/div><\/div><div class='ff-el-group'><div class=\"ff-el-input--label ff-el-is-required asterisk-right\"><label   aria-label=\"7. Pour votre projet final, vous devez :\">7. Pour votre projet final, vous devez :<\/label><\/div><div class='ff-el-input--content'><div class='ff-el-form-check ff-el-form-check-'><label class='ff-el-form-check-label' for='checkbox_4_68ae0135f464e1f983f60f51809ab1d0'><input  type=\"checkbox\" name=\"checkbox_4[]\" data-name=\"checkbox_4\" class=\"ff-el-form-check-input ff-el-form-check-checkbox\" value=\"I am not sure and would like help from the tutors \"  id='checkbox_4_68ae0135f464e1f983f60f51809ab1d0' aria-label='Je ne suis pas s\u00fbr et j&#039;aimerais avoir l&#039;aide des tuteurs.' aria-invalid='false' aria-required=\"true\"> <span>Je ne suis pas s\u00fbr et j&#039;aimerais avoir l&#039;aide des tuteurs. <\/span><\/label><\/div><div class='ff-el-form-check ff-el-form-check-'><label class='ff-el-form-check-label' for='checkbox_4_a5e2ec1d3c06c2eee2abe19e508aa2a8'><input  type=\"checkbox\" name=\"checkbox_4[]\" data-name=\"checkbox_4\" class=\"ff-el-form-check-input ff-el-form-check-checkbox\" value=\"Define a new idea and prepare an abstract\/concept note \"  id='checkbox_4_a5e2ec1d3c06c2eee2abe19e508aa2a8' aria-label='D\u00e9finir une nouvelle id\u00e9e et pr\u00e9parer un r\u00e9sum\u00e9\/une note conceptuelle' aria-invalid='false' aria-required=\"true\"> <span>D\u00e9finir une nouvelle id\u00e9e et pr\u00e9parer un r\u00e9sum\u00e9\/une note conceptuelle <\/span><\/label><\/div><div class='ff-el-form-check ff-el-form-check-'><label class='ff-el-form-check-label' for='checkbox_4_ac885a7404284ce3454aa0139865d4be'><input  type=\"checkbox\" name=\"checkbox_4[]\" data-name=\"checkbox_4\" class=\"ff-el-form-check-input ff-el-form-check-checkbox\" value=\"Define a new idea and prepare a full proposal (incl. an abstract\/concept note) \"  id='checkbox_4_ac885a7404284ce3454aa0139865d4be' aria-label='D\u00e9finir une nouvelle id\u00e9e et pr\u00e9parer une proposition compl\u00e8te (incluant un r\u00e9sum\u00e9\/une note conceptuelle).' aria-invalid='false' aria-required=\"true\"> <span>D\u00e9finir une nouvelle id\u00e9e et pr\u00e9parer une proposition compl\u00e8te (incluant un r\u00e9sum\u00e9\/une note conceptuelle). <\/span><\/label><\/div><div class='ff-el-form-check ff-el-form-check-'><label class='ff-el-form-check-label' for='checkbox_4_e8feba61193809a5d9bad862140c16ea'><input  type=\"checkbox\" name=\"checkbox_4[]\" data-name=\"checkbox_4\" class=\"ff-el-form-check-input ff-el-form-check-checkbox\" value=\"Further define and expand the abstract\/concept note of an existing idea  \"  id='checkbox_4_e8feba61193809a5d9bad862140c16ea' aria-label='D\u00e9finir et d\u00e9velopper davantage le r\u00e9sum\u00e9\/la note conceptuelle d&#039;une id\u00e9e existante' aria-invalid='false' aria-required=\"true\"> <span>D\u00e9finir et d\u00e9velopper davantage le r\u00e9sum\u00e9\/la note conceptuelle d&#039;une id\u00e9e existante  <\/span><\/label><\/div><div class='ff-el-form-check ff-el-form-check-'><label class='ff-el-form-check-label' for='checkbox_4_20232345cca676fb6d619b54f47b435b'><input  type=\"checkbox\" name=\"checkbox_4[]\" data-name=\"checkbox_4\" class=\"ff-el-form-check-input ff-el-form-check-checkbox\" value=\"Further define an existing idea and prepare a full proposal  \"  id='checkbox_4_20232345cca676fb6d619b54f47b435b' aria-label='Pr\u00e9ciser davantage une id\u00e9e existante et pr\u00e9parer une proposition compl\u00e8te' aria-invalid='false' aria-required=\"true\"> <span>Pr\u00e9ciser davantage une id\u00e9e existante et pr\u00e9parer une proposition compl\u00e8te  <\/span><\/label><\/div><div class='ff-el-form-check ff-el-form-check-'><label class='ff-el-form-check-label' for='checkbox_4_e5fb8b1930ee18b5e98e475cc98f748d'><input  type=\"checkbox\" name=\"checkbox_4[]\" data-name=\"checkbox_4\" class=\"ff-el-form-check-input ff-el-form-check-checkbox\" value=\"Define the budget for an already developed proposal \"  id='checkbox_4_e5fb8b1930ee18b5e98e475cc98f748d' aria-label='D\u00e9finir le budget d&#039;une proposition d\u00e9j\u00e0 \u00e9labor\u00e9e' aria-invalid='false' aria-required=\"true\"> <span>D\u00e9finir le budget d&#039;une proposition d\u00e9j\u00e0 \u00e9labor\u00e9e <\/span><\/label><\/div><\/div><\/div><div class='ff-el-group ff-text-left ff_submit_btn_wrapper'><button type=\"submit\" class=\"ff-btn ff-btn-submit ff-btn-md ff_btn_style\"  aria-label=\"Soumettre\">Soumettre <\/button><\/div><\/fieldset><input type=\"hidden\" name=\"trp-form-language\" value=\"fr\"\/><\/form><div id='fluentform_8_errors' class='ff-errors-in-stack ff_form_instance_8_1 ff-form-loading_errors ff_form_instance_8_1_errors'><\/div><\/div>            <script type=\"text\/javascript\">\n                window.fluent_form_ff_form_instance_8_1 = {\"id\":\"8\",\"settings\":{\"layout\":{\"labelPlacement\":\"top\",\"helpMessagePlacement\":\"with_label\",\"errorMessagePlacement\":\"inline\"},\"restrictions\":{\"denyEmptySubmission\":{\"enabled\":false}}},\"form_instance\":\"ff_form_instance_8_1\",\"form_id_selector\":\"fluentform_8\",\"rules\":{\"input_text\":{\"required\":{\"value\":true,\"message\":\"Ce champ est obligatoire\",\"global_message\":\"This field is required\",\"global\":true}},\"email\":{\"required\":{\"value\":true,\"message\":\"Ce champ est obligatoire\",\"global_message\":\"This field is required\",\"global\":true},\"email\":{\"value\":true,\"message\":\"Ce champ doit contenir un e-mail valide\",\"global_message\":\"This field must contain a valid email\",\"global\":true}},\"checkbox\":{\"required\":{\"value\":true,\"message\":\"Ce champ est obligatoire\",\"global_message\":\"This field is required\",\"global\":true}},\"description\":{\"required\":{\"value\":false,\"message\":\"Ce champ est obligatoire\",\"global_message\":\"This field is required\",\"global\":true}},\"checkbox_1\":{\"required\":{\"value\":true,\"message\":\"Ce champ est obligatoire\",\"global_message\":\"This field is required\",\"global\":true}},\"description_1\":{\"required\":{\"value\":false,\"message\":\"Ce champ est obligatoire\",\"global_message\":\"This field is required\",\"global\":true}},\"description_2\":{\"required\":{\"value\":true,\"message\":\"Ce champ est obligatoire\",\"global_message\":\"This field is required\",\"global\":true}},\"checkbox_2\":{\"required\":{\"value\":true,\"message\":\"Ce champ est obligatoire\",\"global_message\":\"This field is required\",\"global\":true}},\"description_3\":{\"required\":{\"value\":true,\"message\":\"Ce champ est obligatoire\",\"global_message\":\"This field is required\",\"global\":true}},\"checkbox_3\":{\"required\":{\"value\":true,\"message\":\"Ce champ est obligatoire\",\"global_message\":\"This field is required\",\"global\":true}},\"description_4\":{\"required\":{\"value\":false,\"message\":\"Ce champ est obligatoire\",\"global_message\":\"This field is required\",\"global\":true}},\"checkbox_4\":{\"required\":{\"value\":true,\"message\":\"Ce champ est obligatoire\",\"global_message\":\"This field is required\",\"global\":true}}},\"debounce_time\":300};\n                            <\/script>\n            <\/div>\n\t\t\t\t\t\t<\/div>\n\t\t\t\t<\/div>\n\t\t\t\t\t<\/div>\n\t\t<\/div>\n\t\t\t\t\t<\/div>\n\t\t<\/section>\n\t\t\t\t<\/div>","protected":false},"excerpt":{"rendered":"<p>MODULE 10 : QUESTIONNAIRE<\/p>","protected":false},"author":1,"featured_media":0,"parent":0,"menu_order":0,"comment_status":"closed","ping_status":"closed","template":"","meta":{"site-sidebar-layout":"no-sidebar","site-content-layout":"page-builder","ast-site-content-layout":"default","site-content-style":"default","site-sidebar-style":"default","ast-global-header-display":"","ast-banner-title-visibility":"","ast-main-header-display":"","ast-hfb-above-header-display":"","ast-hfb-below-header-display":"","ast-hfb-mobile-header-display":"","site-post-title":"disabled","ast-breadcrumbs-content":"","ast-featured-img":"disabled","footer-sml-layout":"","ast-disable-related-posts":"","theme-transparent-header-meta":"","adv-header-id-meta":"","stick-header-meta":"","header-above-stick-meta":"","header-main-stick-meta":"","header-below-stick-meta":"","astra-migrate-meta-layouts":"default","ast-page-background-enabled":"default","ast-page-background-meta":{"desktop":{"background-color":"","background-image":"","background-repeat":"repeat","background-position":"center center","background-size":"auto","background-attachment":"scroll","background-type":"","background-media":"","overlay-type":"","overlay-color":"","overlay-opacity":"","overlay-gradient":""},"tablet":{"background-color":"","background-image":"","background-repeat":"repeat","background-position":"center center","background-size":"auto","background-attachment":"scroll","background-type":"","background-media":"","overlay-type":"","overlay-color":"","overlay-opacity":"","overlay-gradient":""},"mobile":{"background-color":"","background-image":"","background-repeat":"repeat","background-position":"center center","background-size":"auto","background-attachment":"scroll","background-type":"","background-media":"","overlay-type":"","overlay-color":"","overlay-opacity":"","overlay-gradient":""}},"ast-content-background-meta":{"desktop":{"background-color":"var(--ast-global-color-5)","background-image":"","background-repeat":"repeat","background-position":"center center","background-size":"auto","background-attachment":"scroll","background-type":"","background-media":"","overlay-type":"","overlay-color":"","overlay-opacity":"","overlay-gradient":""},"tablet":{"background-color":"var(--ast-global-color-5)","background-image":"","background-repeat":"repeat","background-position":"center center","background-size":"auto","background-attachment":"scroll","background-type":"","background-media":"","overlay-type":"","overlay-color":"","overlay-opacity":"","overlay-gradient":""},"mobile":{"background-color":"var(--ast-global-color-5)","background-image":"","background-repeat":"repeat","background-position":"center center","background-size":"auto","background-attachment":"scroll","background-type":"","background-media":"","overlay-type":"","overlay-color":"","overlay-opacity":"","overlay-gradient":""}},"footnotes":""},"class_list":["post-27305","page","type-page","status-publish","hentry"],"_links":{"self":[{"href":"https:\/\/training.incoma.net\/fr\/wp-json\/wp\/v2\/pages\/27305","targetHints":{"allow":["GET"]}}],"collection":[{"href":"https:\/\/training.incoma.net\/fr\/wp-json\/wp\/v2\/pages"}],"about":[{"href":"https:\/\/training.incoma.net\/fr\/wp-json\/wp\/v2\/types\/page"}],"author":[{"embeddable":true,"href":"https:\/\/training.incoma.net\/fr\/wp-json\/wp\/v2\/users\/1"}],"replies":[{"embeddable":true,"href":"https:\/\/training.incoma.net\/fr\/wp-json\/wp\/v2\/comments?post=27305"}],"version-history":[{"count":0,"href":"https:\/\/training.incoma.net\/fr\/wp-json\/wp\/v2\/pages\/27305\/revisions"}],"wp:attachment":[{"href":"https:\/\/training.incoma.net\/fr\/wp-json\/wp\/v2\/media?parent=27305"}],"curies":[{"name":"wp","href":"https:\/\/api.w.org\/{rel}","templated":true}]}}