{"id":27305,"date":"2022-12-22T10:09:25","date_gmt":"2022-12-22T09:09:25","guid":{"rendered":"https:\/\/training.incoma.net\/?page_id=27305"},"modified":"2024-05-22T12:28:20","modified_gmt":"2024-05-22T10:28:20","slug":"module-10-questionnaire","status":"publish","type":"page","link":"https:\/\/training.incoma.net\/es_es\/module-10-questionnaire\/","title":{"rendered":"M\u00d3DULO 10: CUESTIONARIO"},"content":{"rendered":"<div data-elementor-type=\"wp-page\" data-elementor-id=\"27305\" class=\"elementor elementor-27305\" data-elementor-settings=\"{&quot;ha_cmc_init_switcher&quot;:&quot;no&quot;}\">\n\t\t\t\t\t\t<section class=\"elementor-section elementor-top-section elementor-element elementor-element-b166446 elementor-section-boxed elementor-section-height-default elementor-section-height-default\" data-id=\"b166446\" data-element_type=\"section\" data-e-type=\"section\" data-settings=\"{&quot;_ha_eqh_enable&quot;:false}\">\n\t\t\t\t\t\t<div class=\"elementor-container elementor-column-gap-default\">\n\t\t\t\t\t<div class=\"elementor-column elementor-col-100 elementor-top-column elementor-element elementor-element-9a58247\" data-id=\"9a58247\" data-element_type=\"column\" data-e-type=\"column\">\n\t\t\t<div class=\"elementor-widget-wrap elementor-element-populated\">\n\t\t\t\t\t\t<div class=\"elementor-element elementor-element-0daf567 elementor-widget elementor-widget-heading\" data-id=\"0daf567\" data-element_type=\"widget\" data-e-type=\"widget\" data-widget_type=\"heading.default\">\n\t\t\t\t<div class=\"elementor-widget-container\">\n\t\t\t\t\t<h2 class=\"elementor-heading-title elementor-size-default\">M\u00d3DULO 10: CUESTIONARIO<\/h2>\t\t\t\t<\/div>\n\t\t\t\t<\/div>\n\t\t\t\t<div class=\"elementor-element elementor-element-48b7b26 elementor-widget elementor-widget-shortcode\" data-id=\"48b7b26\" data-element_type=\"widget\" data-e-type=\"widget\" data-widget_type=\"shortcode.default\">\n\t\t\t\t<div class=\"elementor-widget-container\">\n\t\t\t\t\t\t\t<div class=\"elementor-shortcode\"><div class='fluentform ff-default fluentform_wrapper_8 ffs_default_wrap'><form data-form_id=\"8\" id=\"fluentform_8\" class=\"frm-fluent-form fluent_form_8 ff-el-form-top ff_form_instance_8_1 ff-form-loading ffs_default\" data-form_instance=\"ff_form_instance_8_1\" method=\"POST\" action=\"\" ><fieldset  style=\"border: none!important;margin: 0!important;padding: 0!important;background-color: transparent!important;box-shadow: none!important;outline: none!important; min-inline-size: 100%;\">\n                    <legend class=\"ff_screen_reader_title\" style=\"display: block; margin: 0!important;padding: 0!important;height: 0!important;text-indent: -999999px;width: 0!important;overflow:hidden;\">Formulario en blanco (#8)<\/legend><input type='hidden' name='__fluent_form_embded_post_id' value='27305' \/><input type=\"hidden\" id=\"_fluentform_8_fluentformnonce\" name=\"_fluentform_8_fluentformnonce\" value=\"71731cfd94\" \/><input type=\"hidden\" name=\"_wp_http_referer\" value=\"\/es_es\/wp-json\/wp\/v2\/pages\/27305\" \/><div class='ff-el-group'><div class=\"ff-el-input--label ff-el-is-required asterisk-right\"><label for='ff_8_input_text' id='label_ff_8_input_text' aria-label=\"Nombre de la instituci\u00f3n\">Nombre de la instituci\u00f3n<\/label><\/div><div class='ff-el-input--content'><input type=\"text\" name=\"input_text\" class=\"ff-el-form-control\" data-name=\"input_text\" id=\"ff_8_input_text\"  aria-invalid=\"false\" aria-required=\"true\"><\/div><\/div><div class='ff-el-group'><div class=\"ff-el-input--label ff-el-is-required asterisk-right\"><label for='ff_8_email' id='label_ff_8_email' aria-label=\"Correo electr\u00f3nico\">Correo electr\u00f3nico<\/label><\/div><div class='ff-el-input--content'><input type=\"email\" name=\"email\" id=\"ff_8_email\" class=\"ff-el-form-control\" placeholder=\"Direcci\u00f3n email\" data-name=\"email\"  aria-invalid=\"false\" aria-required=\"true\"><\/div><\/div><div class='ff-el-group'><div class=\"ff-el-input--label ff-el-is-required asterisk-right\"><label   aria-label=\"1. Su instituci\u00f3n es:\u00a0\">1. Su instituci\u00f3n es:\u00a0<\/label><\/div><div class='ff-el-input--content'><div class='ff-el-form-check ff-el-form-check-'><label class='ff-el-form-check-label' for='checkbox_3ddbf0dba6d91c47d994f77627efb9f2'><input  type=\"checkbox\" name=\"checkbox[]\" data-name=\"checkbox\" class=\"ff-el-form-check-input ff-el-form-check-checkbox\" value=\"Higher Education Institution\"  id='checkbox_3ddbf0dba6d91c47d994f77627efb9f2' aria-label='Instituci\u00f3n de educaci\u00f3n superior' aria-invalid='false' aria-required=\"true\"> <span>Instituci\u00f3n de educaci\u00f3n superior<\/span><\/label><\/div><div class='ff-el-form-check ff-el-form-check-'><label class='ff-el-form-check-label' for='checkbox_bdff40ab868f815336102da02a7a027c'><input  type=\"checkbox\" name=\"checkbox[]\" data-name=\"checkbox\" class=\"ff-el-form-check-input ff-el-form-check-checkbox\" value=\"Research Centre\u00a0\"  id='checkbox_bdff40ab868f815336102da02a7a027c' aria-label='Centro de investigaci\u00f3n\u00a0' aria-invalid='false' aria-required=\"true\"> <span>Centro de investigaci\u00f3n\u00a0<\/span><\/label><\/div><div class='ff-el-form-check ff-el-form-check-'><label class='ff-el-form-check-label' for='checkbox_c2fd3cb6fa0987c29432a26570ea4e18'><input  type=\"checkbox\" name=\"checkbox[]\" data-name=\"checkbox\" class=\"ff-el-form-check-input ff-el-form-check-checkbox\" value=\"Vocational Education and Training Centre\"  id='checkbox_c2fd3cb6fa0987c29432a26570ea4e18' aria-label='Centro de Educaci\u00f3n y Formaci\u00f3n Profesional' aria-invalid='false' aria-required=\"true\"> <span>Centro de Educaci\u00f3n y Formaci\u00f3n Profesional<\/span><\/label><\/div><div class='ff-el-form-check ff-el-form-check-'><label class='ff-el-form-check-label' for='checkbox_48d7fb964234d1fd36c60091bae4d36f'><input  type=\"checkbox\" name=\"checkbox[]\" data-name=\"checkbox\" class=\"ff-el-form-check-input ff-el-form-check-checkbox\" value=\"Non-Governmental Organisation \/ Civil Society Organisation\u00a0\"  id='checkbox_48d7fb964234d1fd36c60091bae4d36f' aria-label='Organizaci\u00f3n no gubernamental \/ Organizaci\u00f3n de la sociedad civil\u00a0' aria-invalid='false' aria-required=\"true\"> <span>Organizaci\u00f3n no gubernamental \/ Organizaci\u00f3n de la sociedad civil\u00a0<\/span><\/label><\/div><div class='ff-el-form-check ff-el-form-check-'><label class='ff-el-form-check-label' for='checkbox_841b0603e0e00de6222d4aef92f5b37e'><input  type=\"checkbox\" name=\"checkbox[]\" data-name=\"checkbox\" class=\"ff-el-form-check-input ff-el-form-check-checkbox\" value=\" Other (explain)\u00a0\"  id='checkbox_841b0603e0e00de6222d4aef92f5b37e' aria-label='Otro (explique)\u00a0' aria-invalid='false' aria-required=\"true\"> <span> Otro (explique)\u00a0<\/span><\/label><\/div><\/div><\/div><div class='ff-el-group'><div class=\"ff-el-input--label asterisk-right\"><label for='ff_8_description' id='label_ff_8_description' aria-label=\"Su instituci\u00f3n es...\">Su instituci\u00f3n es...<\/label><\/div><div class='ff-el-input--content'><textarea aria-required=\"false\" aria-labelledby=\"label_ff_8_description\" name=\"description\" id=\"ff_8_description\" class=\"ff-el-form-control\" rows=\"5\" cols=\"2\" data-name=\"description\" ><\/textarea><\/div><\/div><div class='ff-el-group'><div class=\"ff-el-input--label ff-el-is-required asterisk-right\"><label   aria-label=\"2. Su instituci\u00f3n es:\u00a0\">2. Su instituci\u00f3n es:\u00a0<\/label><\/div><div class='ff-el-input--content'><div class='ff-el-form-check ff-el-form-check-'><label class='ff-el-form-check-label' for='checkbox_1_bf97e97c7799d27a93ba0643a806f5fe'><input  type=\"checkbox\" name=\"checkbox_1[]\" data-name=\"checkbox_1\" class=\"ff-el-form-check-input ff-el-form-check-checkbox\" value=\"Teacher, trainer, professor \"  id='checkbox_1_bf97e97c7799d27a93ba0643a806f5fe' aria-label='Profesor, formador, catedr\u00e1tico' aria-invalid='false' aria-required=\"true\"> <span>Profesor, formador, catedr\u00e1tico <\/span><\/label><\/div><div class='ff-el-form-check ff-el-form-check-'><label class='ff-el-form-check-label' for='checkbox_1_ab143e93da98beb047cb1bfff1cce024'><input  type=\"checkbox\" name=\"checkbox_1[]\" data-name=\"checkbox_1\" class=\"ff-el-form-check-input ff-el-form-check-checkbox\" value=\"Researcher  \"  id='checkbox_1_ab143e93da98beb047cb1bfff1cce024' aria-label='Investigador' aria-invalid='false' aria-required=\"true\"> <span>Investigador  <\/span><\/label><\/div><div class='ff-el-form-check ff-el-form-check-'><label class='ff-el-form-check-label' for='checkbox_1_80f416ff6decc5dc543901febb6b4f5b'><input  type=\"checkbox\" name=\"checkbox_1[]\" data-name=\"checkbox_1\" class=\"ff-el-form-check-input ff-el-form-check-checkbox\" value=\"NGO\/CSO worker or volunteer\"  id='checkbox_1_80f416ff6decc5dc543901febb6b4f5b' aria-label='Trabajador o voluntario de una ONG\/OSC' aria-invalid='false' aria-required=\"true\"> <span>Trabajador o voluntario de una ONG\/OSC<\/span><\/label><\/div><div class='ff-el-form-check ff-el-form-check-'><label class='ff-el-form-check-label' for='checkbox_1_dfa10159b50e2ac46a3130b443e7e032'><input  type=\"checkbox\" name=\"checkbox_1[]\" data-name=\"checkbox_1\" class=\"ff-el-form-check-input ff-el-form-check-checkbox\" value=\" Other (explain)\u00a0\"  id='checkbox_1_dfa10159b50e2ac46a3130b443e7e032' aria-label='Otro (explique)\u00a0' aria-invalid='false' aria-required=\"true\"> <span> Otro (explique)\u00a0<\/span><\/label><\/div><\/div><\/div><div class='ff-el-group'><div class=\"ff-el-input--label asterisk-right\"><label for='ff_8_description_1' id='label_ff_8_description_1' aria-label=\"Tu eres...\">Tu eres...<\/label><\/div><div class='ff-el-input--content'><textarea aria-required=\"false\" aria-labelledby=\"label_ff_8_description_1\" name=\"description_1\" id=\"ff_8_description_1\" class=\"ff-el-form-control\" rows=\"5\" cols=\"2\" data-name=\"description_1\" ><\/textarea><\/div><\/div><div class='ff-el-group'><div class=\"ff-el-input--label ff-el-is-required asterisk-right\"><label for='ff_8_description_2' id='label_ff_8_description_2' aria-label=\"3. \u00bfCu\u00e1les son sus principales temas de especializaci\u00f3n\/enfoque?\u00a0\">3. \u00bfCu\u00e1les son sus principales temas de especializaci\u00f3n\/enfoque?\u00a0<\/label><\/div><div class='ff-el-input--content'><textarea aria-required=\"true\" aria-labelledby=\"label_ff_8_description_2\" name=\"description_2\" id=\"ff_8_description_2\" class=\"ff-el-form-control\" rows=\"5\" cols=\"2\" data-name=\"description_2\" ><\/textarea><\/div><\/div><div class='ff-el-group'><div class=\"ff-el-input--label ff-el-is-required asterisk-right\"><label   aria-label=\"4. De los m\u00f3dulos que completaste como parte de la formaci\u00f3n, \u00bfen cu\u00e1l programa de financiaci\u00f3n de la UE te gustar\u00eda centrarte para tu proyecto final?\u00a0\">4. De los m\u00f3dulos que completaste como parte de la formaci\u00f3n, \u00bfen cu\u00e1l programa de financiaci\u00f3n de la UE te gustar\u00eda centrarte para tu proyecto final?\u00a0<\/label><\/div><div class='ff-el-input--content'><div class='ff-el-form-check ff-el-form-check-'><label class='ff-el-form-check-label' for='checkbox_2_d4422661246190427e5e51b057e49d26'><input  type=\"checkbox\" name=\"checkbox_2[]\" data-name=\"checkbox_2\" class=\"ff-el-form-check-input ff-el-form-check-checkbox\" value=\"Erasmus+\"  id='checkbox_2_d4422661246190427e5e51b057e49d26' aria-label='Erasmus+' aria-invalid='false' aria-required=\"true\"> <span>Erasmus+<\/span><\/label><\/div><div class='ff-el-form-check ff-el-form-check-'><label class='ff-el-form-check-label' for='checkbox_2_169ef2a81dd00c6370c6eb9fb67aee09'><input  type=\"checkbox\" name=\"checkbox_2[]\" data-name=\"checkbox_2\" class=\"ff-el-form-check-input ff-el-form-check-checkbox\" value=\"Horizon Europe\u00a0\"  id='checkbox_2_169ef2a81dd00c6370c6eb9fb67aee09' aria-label='Horizonte Europa\u00a0' aria-invalid='false' aria-required=\"true\"> <span>Horizonte Europa\u00a0<\/span><\/label><\/div><div class='ff-el-form-check ff-el-form-check-'><label class='ff-el-form-check-label' for='checkbox_2_0f2ea6f625dc3b2d69313e78b3bf59bc'><input  type=\"checkbox\" name=\"checkbox_2[]\" data-name=\"checkbox_2\" class=\"ff-el-form-check-input ff-el-form-check-checkbox\" value=\"Global Europe\u00a0\"  id='checkbox_2_0f2ea6f625dc3b2d69313e78b3bf59bc' aria-label='Europa global\u00a0' aria-invalid='false' aria-required=\"true\"> <span>Europa global\u00a0<\/span><\/label><\/div><\/div><\/div><div class='ff-el-group'><div class=\"ff-el-input--label ff-el-is-required asterisk-right\"><label for='ff_8_description_3' id='label_ff_8_description_3' aria-label=\"5. \u00bfEn qu\u00e9 convocatoria de propuestas te gustar\u00eda centrarte para tu proyecto final? Indica el nombre del programa de financiaci\u00f3n (p. ej., Erasmus+) y de la convocatoria (p. ej., Desarrollo de Capacidades en Educaci\u00f3n Superior).\u00a0\">5. \u00bfEn qu\u00e9 convocatoria de propuestas te gustar\u00eda centrarte para tu proyecto final? Indica el nombre del programa de financiaci\u00f3n (p. ej., Erasmus+) y de la convocatoria (p. ej., Desarrollo de Capacidades en Educaci\u00f3n Superior).\u00a0<\/label><\/div><div class='ff-el-input--content'><textarea aria-required=\"true\" aria-labelledby=\"label_ff_8_description_3\" name=\"description_3\" id=\"ff_8_description_3\" class=\"ff-el-form-control\" rows=\"5\" cols=\"2\" data-name=\"description_3\" ><\/textarea><\/div><\/div><div class='ff-el-group'><div class=\"ff-el-input--label ff-el-is-required asterisk-right\"><label   aria-label=\"6. \u00bfTienes experiencia previa en el programa\/convocatoria de propuestas en el que te gustar\u00eda centrarte para tu proyecto final?\u00a0\u00a0\">6. \u00bfTienes experiencia previa en el programa\/convocatoria de propuestas en el que te gustar\u00eda centrarte para tu proyecto final?\u00a0\u00a0<\/label><div class=\"ff-el-tooltip\" data-content=\"If \u201cyes\u201d, please explain\u00a0\"><svg width=\"16\" height=\"16\" viewbox=\"0 0 25 25\"><path d=\"m329 393l0-46c0-2-1-4-2-6-2-2-4-3-7-3l-27 0 0-146c0-3-1-5-3-7-2-1-4-2-7-2l-91 0c-3 0-5 1-7 2-1 2-2 4-2 7l0 46c0 2 1 5 2 6 2 2 4 3 7 3l27 0 0 91-27 0c-3 0-5 1-7 3-1 2-2 4-2 6l0 46c0 3 1 5 2 7 2 1 4 2 7 2l128 0c3 0 5-1 7-2 1-2 2-4 2-7z m-36-256l0-46c0-2-1-4-3-6-2-2-4-3-7-3l-54 0c-3 0-5 1-7 3-2 2-3 4-3 6l0 46c0 3 1 5 3 7 2 1 4 2 7 2l54 0c3 0 5-1 7-2 2-2 3-4 3-7z m182 119c0 40-9 77-29 110-20 34-46 60-80 80-33 20-70 29-110 29-40 0-77-9-110-29-34-20-60-46-80-80-20-33-29-70-29-110 0-40 9-77 29-110 20-34 46-60 80-80 33-20 70-29 110-29 40 0 77 9 110 29 34 20 60 46 80 80 20 33 29 70 29 110z\" transform=\"scale(0.046875 0.046875)\"><\/path><\/svg><\/div><\/div><div class='ff-el-input--content'><div class='ff-el-form-check ff-el-form-check-'><label class='ff-el-form-check-label' for='checkbox_3_c621839e6417b89203618342983e647c'><input  type=\"checkbox\" name=\"checkbox_3[]\" data-name=\"checkbox_3\" class=\"ff-el-form-check-input ff-el-form-check-checkbox\" value=\"Yes\"  id='checkbox_3_c621839e6417b89203618342983e647c' aria-label='S\u00ed' aria-invalid='false' aria-required=\"true\"> <span>S\u00ed<\/span><\/label><\/div><div class='ff-el-form-check ff-el-form-check-'><label class='ff-el-form-check-label' for='checkbox_3_99595915a36570b4c7c4f17166a6ed18'><input  type=\"checkbox\" name=\"checkbox_3[]\" data-name=\"checkbox_3\" class=\"ff-el-form-check-input ff-el-form-check-checkbox\" value=\"No\"  id='checkbox_3_99595915a36570b4c7c4f17166a6ed18' aria-label='No' aria-invalid='false' aria-required=\"true\"> <span>No<\/span><\/label><\/div><\/div><\/div><div class='ff-el-group'><div class=\"ff-el-input--label asterisk-right\"><label for='ff_8_description_4' id='label_ff_8_description_4' aria-label=\"Si responde \u201cs\u00ed\u201d, explique su experiencia previa.\">Si responde \u201cs\u00ed\u201d, explique su experiencia previa.<\/label><\/div><div class='ff-el-input--content'><textarea aria-required=\"false\" aria-labelledby=\"label_ff_8_description_4\" name=\"description_4\" id=\"ff_8_description_4\" class=\"ff-el-form-control\" rows=\"3\" cols=\"2\" data-name=\"description_4\" ><\/textarea><\/div><\/div><div class='ff-el-group'><div class=\"ff-el-input--label ff-el-is-required asterisk-right\"><label   aria-label=\"7. Para tu proyecto final, quieres:\">7. Para tu proyecto final, quieres:<\/label><\/div><div class='ff-el-input--content'><div class='ff-el-form-check ff-el-form-check-'><label class='ff-el-form-check-label' for='checkbox_4_12d4b148fc54028604973e6e33f344c1'><input  type=\"checkbox\" name=\"checkbox_4[]\" data-name=\"checkbox_4\" class=\"ff-el-form-check-input ff-el-form-check-checkbox\" value=\"I am not sure and would like help from the tutors \"  id='checkbox_4_12d4b148fc54028604973e6e33f344c1' aria-label='No estoy seguro y me gustar\u00eda ayuda de los tutores.' aria-invalid='false' aria-required=\"true\"> <span>No estoy seguro y me gustar\u00eda ayuda de los tutores. <\/span><\/label><\/div><div class='ff-el-form-check ff-el-form-check-'><label class='ff-el-form-check-label' for='checkbox_4_7c7fededa758d8497e94e06749415991'><input  type=\"checkbox\" name=\"checkbox_4[]\" data-name=\"checkbox_4\" class=\"ff-el-form-check-input ff-el-form-check-checkbox\" value=\"Define a new idea and prepare an abstract\/concept note \"  id='checkbox_4_7c7fededa758d8497e94e06749415991' aria-label='Definir una nueva idea y preparar una nota abstracta\/conceptual' aria-invalid='false' aria-required=\"true\"> <span>Definir una nueva idea y preparar una nota abstracta\/conceptual <\/span><\/label><\/div><div class='ff-el-form-check ff-el-form-check-'><label class='ff-el-form-check-label' for='checkbox_4_e3101adb7fd95fecd5c82e22a5899de1'><input  type=\"checkbox\" name=\"checkbox_4[]\" data-name=\"checkbox_4\" class=\"ff-el-form-check-input ff-el-form-check-checkbox\" value=\"Define a new idea and prepare a full proposal (incl. an abstract\/concept note) \"  id='checkbox_4_e3101adb7fd95fecd5c82e22a5899de1' aria-label='Definir una nueva idea y preparar una propuesta completa (incluido un resumen\/nota conceptual)' aria-invalid='false' aria-required=\"true\"> <span>Definir una nueva idea y preparar una propuesta completa (incluido un resumen\/nota conceptual) <\/span><\/label><\/div><div class='ff-el-form-check ff-el-form-check-'><label class='ff-el-form-check-label' for='checkbox_4_972ed0d81bec798acf099f67f8cb7482'><input  type=\"checkbox\" name=\"checkbox_4[]\" data-name=\"checkbox_4\" class=\"ff-el-form-check-input ff-el-form-check-checkbox\" value=\"Further define and expand the abstract\/concept note of an existing idea  \"  id='checkbox_4_972ed0d81bec798acf099f67f8cb7482' aria-label='Definir y ampliar con m\u00e1s detalle la nota abstracta\/conceptual de una idea existente' aria-invalid='false' aria-required=\"true\"> <span>Definir y ampliar con m\u00e1s detalle la nota abstracta\/conceptual de una idea existente  <\/span><\/label><\/div><div class='ff-el-form-check ff-el-form-check-'><label class='ff-el-form-check-label' for='checkbox_4_c4c61d5e51204d8ce92bd941f9d165e5'><input  type=\"checkbox\" name=\"checkbox_4[]\" data-name=\"checkbox_4\" class=\"ff-el-form-check-input ff-el-form-check-checkbox\" value=\"Further define an existing idea and prepare a full proposal  \"  id='checkbox_4_c4c61d5e51204d8ce92bd941f9d165e5' aria-label='Definir con m\u00e1s detalle una idea existente y preparar una propuesta completa' aria-invalid='false' aria-required=\"true\"> <span>Definir con m\u00e1s detalle una idea existente y preparar una propuesta completa  <\/span><\/label><\/div><div class='ff-el-form-check ff-el-form-check-'><label class='ff-el-form-check-label' for='checkbox_4_256485024dccb5590be6e37f0ead891a'><input  type=\"checkbox\" name=\"checkbox_4[]\" data-name=\"checkbox_4\" class=\"ff-el-form-check-input ff-el-form-check-checkbox\" value=\"Define the budget for an already developed proposal \"  id='checkbox_4_256485024dccb5590be6e37f0ead891a' aria-label='Definir el presupuesto para una propuesta ya desarrollada' aria-invalid='false' aria-required=\"true\"> <span>Definir el presupuesto para una propuesta ya desarrollada <\/span><\/label><\/div><\/div><\/div><div class='ff-el-group ff-text-left ff_submit_btn_wrapper'><button type=\"submit\" class=\"ff-btn ff-btn-submit ff-btn-md ff_btn_style\"  aria-label=\"Entregar\">Entregar <\/button><\/div><\/fieldset><input type=\"hidden\" name=\"trp-form-language\" value=\"es_es\"\/><\/form><div id='fluentform_8_errors' class='ff-errors-in-stack ff_form_instance_8_1 ff-form-loading_errors ff_form_instance_8_1_errors'><\/div><\/div>            <script type=\"text\/javascript\">\n                window.fluent_form_ff_form_instance_8_1 = {\"id\":\"8\",\"settings\":{\"layout\":{\"labelPlacement\":\"top\",\"helpMessagePlacement\":\"with_label\",\"errorMessagePlacement\":\"inline\"},\"restrictions\":{\"denyEmptySubmission\":{\"enabled\":false}}},\"form_instance\":\"ff_form_instance_8_1\",\"form_id_selector\":\"fluentform_8\",\"rules\":{\"input_text\":{\"required\":{\"value\":true,\"message\":\"Este campo es obligatorio\",\"global_message\":\"This field is required\",\"global\":true}},\"email\":{\"required\":{\"value\":true,\"message\":\"Este campo es obligatorio\",\"global_message\":\"This field is required\",\"global\":true},\"email\":{\"value\":true,\"message\":\"Este campo debe contener un correo electr\\u00f3nico v\\u00e1lido\",\"global_message\":\"This field must contain a valid email\",\"global\":true}},\"checkbox\":{\"required\":{\"value\":true,\"message\":\"Este campo es obligatorio\",\"global_message\":\"This field is required\",\"global\":true}},\"description\":{\"required\":{\"value\":false,\"message\":\"Este campo es obligatorio\",\"global_message\":\"This field is required\",\"global\":true}},\"checkbox_1\":{\"required\":{\"value\":true,\"message\":\"Este campo es obligatorio\",\"global_message\":\"This field is required\",\"global\":true}},\"description_1\":{\"required\":{\"value\":false,\"message\":\"Este campo es obligatorio\",\"global_message\":\"This field is required\",\"global\":true}},\"description_2\":{\"required\":{\"value\":true,\"message\":\"Este campo es obligatorio\",\"global_message\":\"This field is required\",\"global\":true}},\"checkbox_2\":{\"required\":{\"value\":true,\"message\":\"Este campo es obligatorio\",\"global_message\":\"This field is required\",\"global\":true}},\"description_3\":{\"required\":{\"value\":true,\"message\":\"Este campo es obligatorio\",\"global_message\":\"This field is required\",\"global\":true}},\"checkbox_3\":{\"required\":{\"value\":true,\"message\":\"Este campo es obligatorio\",\"global_message\":\"This field is required\",\"global\":true}},\"description_4\":{\"required\":{\"value\":false,\"message\":\"Este campo es obligatorio\",\"global_message\":\"This field is required\",\"global\":true}},\"checkbox_4\":{\"required\":{\"value\":true,\"message\":\"Este campo es obligatorio\",\"global_message\":\"This field is required\",\"global\":true}}},\"debounce_time\":300};\n                            <\/script>\n            <\/div>\n\t\t\t\t\t\t<\/div>\n\t\t\t\t<\/div>\n\t\t\t\t\t<\/div>\n\t\t<\/div>\n\t\t\t\t\t<\/div>\n\t\t<\/section>\n\t\t\t\t<\/div>","protected":false},"excerpt":{"rendered":"<p>M\u00d3DULO 10: CUESTIONARIO<\/p>","protected":false},"author":1,"featured_media":0,"parent":0,"menu_order":0,"comment_status":"closed","ping_status":"closed","template":"","meta":{"site-sidebar-layout":"no-sidebar","site-content-layout":"page-builder","ast-site-content-layout":"default","site-content-style":"default","site-sidebar-style":"default","ast-global-header-display":"","ast-banner-title-visibility":"","ast-main-header-display":"","ast-hfb-above-header-display":"","ast-hfb-below-header-display":"","ast-hfb-mobile-header-display":"","site-post-title":"disabled","ast-breadcrumbs-content":"","ast-featured-img":"disabled","footer-sml-layout":"","ast-disable-related-posts":"","theme-transparent-header-meta":"","adv-header-id-meta":"","stick-header-meta":"","header-above-stick-meta":"","header-main-stick-meta":"","header-below-stick-meta":"","astra-migrate-meta-layouts":"default","ast-page-background-enabled":"default","ast-page-background-meta":{"desktop":{"background-color":"","background-image":"","background-repeat":"repeat","background-position":"center center","background-size":"auto","background-attachment":"scroll","background-type":"","background-media":"","overlay-type":"","overlay-color":"","overlay-opacity":"","overlay-gradient":""},"tablet":{"background-color":"","background-image":"","background-repeat":"repeat","background-position":"center center","background-size":"auto","background-attachment":"scroll","background-type":"","background-media":"","overlay-type":"","overlay-color":"","overlay-opacity":"","overlay-gradient":""},"mobile":{"background-color":"","background-image":"","background-repeat":"repeat","background-position":"center center","background-size":"auto","background-attachment":"scroll","background-type":"","background-media":"","overlay-type":"","overlay-color":"","overlay-opacity":"","overlay-gradient":""}},"ast-content-background-meta":{"desktop":{"background-color":"var(--ast-global-color-5)","background-image":"","background-repeat":"repeat","background-position":"center center","background-size":"auto","background-attachment":"scroll","background-type":"","background-media":"","overlay-type":"","overlay-color":"","overlay-opacity":"","overlay-gradient":""},"tablet":{"background-color":"var(--ast-global-color-5)","background-image":"","background-repeat":"repeat","background-position":"center center","background-size":"auto","background-attachment":"scroll","background-type":"","background-media":"","overlay-type":"","overlay-color":"","overlay-opacity":"","overlay-gradient":""},"mobile":{"background-color":"var(--ast-global-color-5)","background-image":"","background-repeat":"repeat","background-position":"center center","background-size":"auto","background-attachment":"scroll","background-type":"","background-media":"","overlay-type":"","overlay-color":"","overlay-opacity":"","overlay-gradient":""}},"footnotes":""},"class_list":["post-27305","page","type-page","status-publish","hentry"],"_links":{"self":[{"href":"https:\/\/training.incoma.net\/es_es\/wp-json\/wp\/v2\/pages\/27305","targetHints":{"allow":["GET"]}}],"collection":[{"href":"https:\/\/training.incoma.net\/es_es\/wp-json\/wp\/v2\/pages"}],"about":[{"href":"https:\/\/training.incoma.net\/es_es\/wp-json\/wp\/v2\/types\/page"}],"author":[{"embeddable":true,"href":"https:\/\/training.incoma.net\/es_es\/wp-json\/wp\/v2\/users\/1"}],"replies":[{"embeddable":true,"href":"https:\/\/training.incoma.net\/es_es\/wp-json\/wp\/v2\/comments?post=27305"}],"version-history":[{"count":0,"href":"https:\/\/training.incoma.net\/es_es\/wp-json\/wp\/v2\/pages\/27305\/revisions"}],"wp:attachment":[{"href":"https:\/\/training.incoma.net\/es_es\/wp-json\/wp\/v2\/media?parent=27305"}],"curies":[{"name":"gracias","href":"https:\/\/api.w.org\/{rel}","templated":true}]}}